{"id":1318,"date":"2022-11-28T17:31:00","date_gmt":"2022-11-28T15:31:00","guid":{"rendered":"https:\/\/premisorbita.dance\/?page_id=1318"},"modified":"2023-11-20T12:22:20","modified_gmt":"2023-11-20T10:22:20","slug":"patrocinadors","status":"publish","type":"page","link":"http:\/\/premisorbita.dance\/es\/edicio\/2023\/patrocinadors\/","title":{"rendered":"Patrocinadors 2023"},"content":{"rendered":"<div data-elementor-type=\"wp-page\" data-elementor-id=\"1318\" class=\"elementor elementor-1318\">\n\t\t\t\t\t\t<section class=\"elementor-section elementor-top-section elementor-element elementor-element-e1ccd16 elementor-section-height-min-height elementor-section-items-stretch elementor-section-content-middle elementor-section-boxed elementor-section-height-default\" data-id=\"e1ccd16\" data-element_type=\"section\" data-settings=\"{&quot;background_background&quot;:&quot;classic&quot;}\">\n\t\t\t\t\t\t<div class=\"elementor-container elementor-column-gap-no\">\n\t\t\t\t\t<div class=\"elementor-column elementor-col-100 elementor-top-column elementor-element elementor-element-c680461\" data-id=\"c680461\" data-element_type=\"column\">\n\t\t\t<div class=\"elementor-widget-wrap elementor-element-populated\">\n\t\t\t\t\t\t<div class=\"elementor-element elementor-element-d54acf5 elementor-widget elementor-widget-text-editor\" data-id=\"d54acf5\" data-element_type=\"widget\" data-widget_type=\"text-editor.default\">\n\t\t\t\t<div class=\"elementor-widget-container\">\n\t\t\t<style>\/*! elementor - v3.20.0 - 10-04-2024 *\/\n.elementor-widget-text-editor.elementor-drop-cap-view-stacked .elementor-drop-cap{background-color:#69727d;color:#fff}.elementor-widget-text-editor.elementor-drop-cap-view-framed .elementor-drop-cap{color:#69727d;border:3px solid;background-color:transparent}.elementor-widget-text-editor:not(.elementor-drop-cap-view-default) .elementor-drop-cap{margin-top:8px}.elementor-widget-text-editor:not(.elementor-drop-cap-view-default) .elementor-drop-cap-letter{width:1em;height:1em}.elementor-widget-text-editor .elementor-drop-cap{float:left;text-align:center;line-height:1;font-size:50px}.elementor-widget-text-editor .elementor-drop-cap-letter{display:inline-block}<\/style>\t\t\t\t<h4><strong>La 1a Edici\u00f3 dels Premis \u00d2rbita de Dansa Contempor\u00e0nia no hagu\u00e9s estat possible sense:<\/strong><\/h4>\t\t\t\t\t\t<\/div>\n\t\t\t\t<\/div>\n\t\t\t\t\t<\/div>\n\t\t<\/div>\n\t\t\t\t\t<\/div>\n\t\t<\/section>\n\t\t\t\t<section class=\"elementor-section elementor-top-section elementor-element elementor-element-2e1cabbc elementor-section-content-middle elementor-section-boxed elementor-section-height-default elementor-section-height-default\" data-id=\"2e1cabbc\" data-element_type=\"section\">\n\t\t\t\t\t\t<div class=\"elementor-container elementor-column-gap-no\">\n\t\t\t\t\t<div class=\"elementor-column elementor-col-100 elementor-top-column elementor-element elementor-element-65d7c615\" data-id=\"65d7c615\" data-element_type=\"column\">\n\t\t\t<div class=\"elementor-widget-wrap elementor-element-populated\">\n\t\t\t\t\t\t<div class=\"elementor-element elementor-element-694a8be0 elementor-widget elementor-widget-heading\" data-id=\"694a8be0\" data-element_type=\"widget\" data-widget_type=\"heading.default\">\n\t\t\t\t<div class=\"elementor-widget-container\">\n\t\t\t<style>\/*! elementor - v3.20.0 - 10-04-2024 *\/\n.elementor-heading-title{padding:0;margin:0;line-height:1}.elementor-widget-heading .elementor-heading-title[class*=elementor-size-]>a{color:inherit;font-size:inherit;line-height:inherit}.elementor-widget-heading .elementor-heading-title.elementor-size-small{font-size:15px}.elementor-widget-heading .elementor-heading-title.elementor-size-medium{font-size:19px}.elementor-widget-heading .elementor-heading-title.elementor-size-large{font-size:29px}.elementor-widget-heading .elementor-heading-title.elementor-size-xl{font-size:39px}.elementor-widget-heading .elementor-heading-title.elementor-size-xxl{font-size:59px}<\/style><h4 class=\"elementor-heading-title elementor-size-default\">El patrocinio de<\/h4>\t\t<\/div>\n\t\t\t\t<\/div>\n\t\t\t\t<section class=\"elementor-section elementor-inner-section elementor-element elementor-element-a9b2258 elementor-section-content-middle elementor-section-boxed elementor-section-height-default elementor-section-height-default\" data-id=\"a9b2258\" data-element_type=\"section\">\n\t\t\t\t\t\t<div class=\"elementor-container elementor-column-gap-default\">\n\t\t\t\t\t<div class=\"elementor-column elementor-col-25 elementor-inner-column elementor-element elementor-element-70315aac\" data-id=\"70315aac\" data-element_type=\"column\">\n\t\t\t<div class=\"elementor-widget-wrap elementor-element-populated\">\n\t\t\t\t\t\t<div class=\"elementor-element elementor-element-69de25e elementor-widget elementor-widget-image\" data-id=\"69de25e\" data-element_type=\"widget\" data-widget_type=\"image.default\">\n\t\t\t\t<div class=\"elementor-widget-container\">\n\t\t\t<style>\/*! elementor - v3.20.0 - 10-04-2024 *\/\n.elementor-widget-image{text-align:center}.elementor-widget-image a{display:inline-block}.elementor-widget-image a img[src$=\".svg\"]{width:48px}.elementor-widget-image img{vertical-align:middle;display:inline-block}<\/style>\t\t\t\t\t\t\t\t\t\t\t<a href=\"https:\/\/protegoseguros.com\/\" target=\"_blank\">\n\t\t\t\t\t\t\t<img fetchpriority=\"high\" decoding=\"async\" width=\"800\" height=\"181\" src=\"https:\/\/premisorbita.dance\/wp-content\/uploads\/2022\/11\/logo-protego-color-transparent-1024x232.png\" class=\"attachment-large size-large wp-image-1326\" alt=\"\" srcset=\"https:\/\/premisorbita.dance\/wp-content\/uploads\/2022\/11\/logo-protego-color-transparent-1024x232.png 1024w, https:\/\/premisorbita.dance\/wp-content\/uploads\/2022\/11\/logo-protego-color-transparent-300x68.png 300w, https:\/\/premisorbita.dance\/wp-content\/uploads\/2022\/11\/logo-protego-color-transparent-768x174.png 768w, https:\/\/premisorbita.dance\/wp-content\/uploads\/2022\/11\/logo-protego-color-transparent-18x4.png 18w, https:\/\/premisorbita.dance\/wp-content\/uploads\/2022\/11\/logo-protego-color-transparent.png 1200w\" sizes=\"(max-width: 800px) 100vw, 800px\" \/>\t\t\t\t\t\t\t\t<\/a>\n\t\t\t\t\t\t\t\t\t\t\t\t\t<\/div>\n\t\t\t\t<\/div>\n\t\t\t\t\t<\/div>\n\t\t<\/div>\n\t\t\t\t<div class=\"elementor-column elementor-col-25 elementor-inner-column elementor-element elementor-element-33f297d\" data-id=\"33f297d\" data-element_type=\"column\">\n\t\t\t<div class=\"elementor-widget-wrap elementor-element-populated\">\n\t\t\t\t\t\t<div class=\"elementor-element elementor-element-bbf500f elementor-widget elementor-widget-image\" data-id=\"bbf500f\" data-element_type=\"widget\" data-widget_type=\"image.default\">\n\t\t\t\t<div class=\"elementor-widget-container\">\n\t\t\t\t\t\t\t\t\t\t\t\t\t\t<a href=\"https:\/\/aspublicitari.com\/\">\n\t\t\t\t\t\t\t<img decoding=\"async\" width=\"800\" height=\"666\" src=\"https:\/\/premisorbita.dance\/wp-content\/uploads\/2023\/01\/logo-as-publicitari-1024x853.png\" class=\"attachment-large size-large wp-image-1398\" alt=\"\" srcset=\"https:\/\/premisorbita.dance\/wp-content\/uploads\/2023\/01\/logo-as-publicitari-1024x853.png 1024w, https:\/\/premisorbita.dance\/wp-content\/uploads\/2023\/01\/logo-as-publicitari-300x250.png 300w, https:\/\/premisorbita.dance\/wp-content\/uploads\/2023\/01\/logo-as-publicitari-768x640.png 768w, https:\/\/premisorbita.dance\/wp-content\/uploads\/2023\/01\/logo-as-publicitari-14x12.png 14w, https:\/\/premisorbita.dance\/wp-content\/uploads\/2023\/01\/logo-as-publicitari.png 1080w\" sizes=\"(max-width: 800px) 100vw, 800px\" \/>\t\t\t\t\t\t\t\t<\/a>\n\t\t\t\t\t\t\t\t\t\t\t\t\t<\/div>\n\t\t\t\t<\/div>\n\t\t\t\t\t<\/div>\n\t\t<\/div>\n\t\t\t\t<div class=\"elementor-column elementor-col-25 elementor-inner-column elementor-element elementor-element-6a6042c\" data-id=\"6a6042c\" data-element_type=\"column\">\n\t\t\t<div class=\"elementor-widget-wrap elementor-element-populated\">\n\t\t\t\t\t\t<div class=\"elementor-element elementor-element-7a3caa7 elementor-widget elementor-widget-image\" data-id=\"7a3caa7\" data-element_type=\"widget\" data-widget_type=\"image.default\">\n\t\t\t\t<div class=\"elementor-widget-container\">\n\t\t\t\t\t\t\t\t\t\t\t\t\t\t<a href=\"https:\/\/asdecopesreus.com\/\">\n\t\t\t\t\t\t\t<img decoding=\"async\" width=\"800\" height=\"519\" src=\"https:\/\/premisorbita.dance\/wp-content\/uploads\/2023\/01\/logo-as-de-copes-1024x664.png\" class=\"attachment-large size-large wp-image-1399\" alt=\"\" srcset=\"https:\/\/premisorbita.dance\/wp-content\/uploads\/2023\/01\/logo-as-de-copes-1024x664.png 1024w, https:\/\/premisorbita.dance\/wp-content\/uploads\/2023\/01\/logo-as-de-copes-300x194.png 300w, https:\/\/premisorbita.dance\/wp-content\/uploads\/2023\/01\/logo-as-de-copes-768x498.png 768w, https:\/\/premisorbita.dance\/wp-content\/uploads\/2023\/01\/logo-as-de-copes-18x12.png 18w, https:\/\/premisorbita.dance\/wp-content\/uploads\/2023\/01\/logo-as-de-copes.png 1080w\" sizes=\"(max-width: 800px) 100vw, 800px\" \/>\t\t\t\t\t\t\t\t<\/a>\n\t\t\t\t\t\t\t\t\t\t\t\t\t<\/div>\n\t\t\t\t<\/div>\n\t\t\t\t\t<\/div>\n\t\t<\/div>\n\t\t\t\t<div class=\"elementor-column elementor-col-25 elementor-inner-column elementor-element elementor-element-ec33bb7\" data-id=\"ec33bb7\" data-element_type=\"column\">\n\t\t\t<div class=\"elementor-widget-wrap elementor-element-populated\">\n\t\t\t\t\t\t<div class=\"elementor-element elementor-element-1afb5a2 elementor-widget elementor-widget-image\" data-id=\"1afb5a2\" data-element_type=\"widget\" data-widget_type=\"image.default\">\n\t\t\t\t<div class=\"elementor-widget-container\">\n\t\t\t\t\t\t\t\t\t\t\t\t\t\t<a href=\"https:\/\/www.dipta.cat\/\">\n\t\t\t\t\t\t\t<img loading=\"lazy\" decoding=\"async\" width=\"776\" height=\"189\" src=\"https:\/\/premisorbita.dance\/wp-content\/uploads\/2023\/11\/DIPTA_H_col.png\" class=\"attachment-large size-large wp-image-1714\" alt=\"\" srcset=\"https:\/\/premisorbita.dance\/wp-content\/uploads\/2023\/11\/DIPTA_H_col.png 776w, https:\/\/premisorbita.dance\/wp-content\/uploads\/2023\/11\/DIPTA_H_col-300x73.png 300w, https:\/\/premisorbita.dance\/wp-content\/uploads\/2023\/11\/DIPTA_H_col-768x187.png 768w, https:\/\/premisorbita.dance\/wp-content\/uploads\/2023\/11\/DIPTA_H_col-18x4.png 18w\" sizes=\"(max-width: 776px) 100vw, 776px\" \/>\t\t\t\t\t\t\t\t<\/a>\n\t\t\t\t\t\t\t\t\t\t\t\t\t<\/div>\n\t\t\t\t<\/div>\n\t\t\t\t\t<\/div>\n\t\t<\/div>\n\t\t\t\t\t<\/div>\n\t\t<\/section>\n\t\t\t\t\t<\/div>\n\t\t<\/div>\n\t\t\t\t\t<\/div>\n\t\t<\/section>\n\t\t\t\t<section class=\"elementor-section elementor-top-section elementor-element elementor-element-29816dd elementor-section-content-middle elementor-section-boxed elementor-section-height-default elementor-section-height-default\" data-id=\"29816dd\" data-element_type=\"section\">\n\t\t\t\t\t\t<div class=\"elementor-container elementor-column-gap-default\">\n\t\t\t\t\t<div class=\"elementor-column elementor-col-100 elementor-top-column elementor-element elementor-element-51414ec\" data-id=\"51414ec\" data-element_type=\"column\">\n\t\t\t<div class=\"elementor-widget-wrap elementor-element-populated\">\n\t\t\t\t\t\t<div class=\"elementor-element elementor-element-e3bdef0 elementor-widget-divider--view-line elementor-widget elementor-widget-divider\" data-id=\"e3bdef0\" data-element_type=\"widget\" data-widget_type=\"divider.default\">\n\t\t\t\t<div class=\"elementor-widget-container\">\n\t\t\t<style>\/*! elementor - v3.20.0 - 10-04-2024 *\/\n.elementor-widget-divider{--divider-border-style:none;--divider-border-width:1px;--divider-color:#0c0d0e;--divider-icon-size:20px;--divider-element-spacing:10px;--divider-pattern-height:24px;--divider-pattern-size:20px;--divider-pattern-url:none;--divider-pattern-repeat:repeat-x}.elementor-widget-divider .elementor-divider{display:flex}.elementor-widget-divider .elementor-divider__text{font-size:15px;line-height:1;max-width:95%}.elementor-widget-divider .elementor-divider__element{margin:0 var(--divider-element-spacing);flex-shrink:0}.elementor-widget-divider .elementor-icon{font-size:var(--divider-icon-size)}.elementor-widget-divider .elementor-divider-separator{display:flex;margin:0;direction:ltr}.elementor-widget-divider--view-line_icon .elementor-divider-separator,.elementor-widget-divider--view-line_text .elementor-divider-separator{align-items:center}.elementor-widget-divider--view-line_icon .elementor-divider-separator:after,.elementor-widget-divider--view-line_icon .elementor-divider-separator:before,.elementor-widget-divider--view-line_text .elementor-divider-separator:after,.elementor-widget-divider--view-line_text .elementor-divider-separator:before{display:block;content:\"\";border-block-end:0;flex-grow:1;border-block-start:var(--divider-border-width) var(--divider-border-style) var(--divider-color)}.elementor-widget-divider--element-align-left .elementor-divider .elementor-divider-separator>.elementor-divider__svg:first-of-type{flex-grow:0;flex-shrink:100}.elementor-widget-divider--element-align-left .elementor-divider-separator:before{content:none}.elementor-widget-divider--element-align-left .elementor-divider__element{margin-left:0}.elementor-widget-divider--element-align-right .elementor-divider .elementor-divider-separator>.elementor-divider__svg:last-of-type{flex-grow:0;flex-shrink:100}.elementor-widget-divider--element-align-right .elementor-divider-separator:after{content:none}.elementor-widget-divider--element-align-right .elementor-divider__element{margin-right:0}.elementor-widget-divider--element-align-start .elementor-divider .elementor-divider-separator>.elementor-divider__svg:first-of-type{flex-grow:0;flex-shrink:100}.elementor-widget-divider--element-align-start .elementor-divider-separator:before{content:none}.elementor-widget-divider--element-align-start .elementor-divider__element{margin-inline-start:0}.elementor-widget-divider--element-align-end .elementor-divider .elementor-divider-separator>.elementor-divider__svg:last-of-type{flex-grow:0;flex-shrink:100}.elementor-widget-divider--element-align-end .elementor-divider-separator:after{content:none}.elementor-widget-divider--element-align-end .elementor-divider__element{margin-inline-end:0}.elementor-widget-divider:not(.elementor-widget-divider--view-line_text):not(.elementor-widget-divider--view-line_icon) .elementor-divider-separator{border-block-start:var(--divider-border-width) var(--divider-border-style) var(--divider-color)}.elementor-widget-divider--separator-type-pattern{--divider-border-style:none}.elementor-widget-divider--separator-type-pattern.elementor-widget-divider--view-line .elementor-divider-separator,.elementor-widget-divider--separator-type-pattern:not(.elementor-widget-divider--view-line) .elementor-divider-separator:after,.elementor-widget-divider--separator-type-pattern:not(.elementor-widget-divider--view-line) .elementor-divider-separator:before,.elementor-widget-divider--separator-type-pattern:not([class*=elementor-widget-divider--view]) .elementor-divider-separator{width:100%;min-height:var(--divider-pattern-height);-webkit-mask-size:var(--divider-pattern-size) 100%;mask-size:var(--divider-pattern-size) 100%;-webkit-mask-repeat:var(--divider-pattern-repeat);mask-repeat:var(--divider-pattern-repeat);background-color:var(--divider-color);-webkit-mask-image:var(--divider-pattern-url);mask-image:var(--divider-pattern-url)}.elementor-widget-divider--no-spacing{--divider-pattern-size:auto}.elementor-widget-divider--bg-round{--divider-pattern-repeat:round}.rtl .elementor-widget-divider .elementor-divider__text{direction:rtl}.e-con-inner>.elementor-widget-divider,.e-con>.elementor-widget-divider{width:var(--container-widget-width,100%);--flex-grow:var(--container-widget-flex-grow)}<\/style>\t\t<div class=\"elementor-divider\">\n\t\t\t<span class=\"elementor-divider-separator\">\n\t\t\t\t\t\t<\/span>\n\t\t<\/div>\n\t\t\t\t<\/div>\n\t\t\t\t<\/div>\n\t\t\t\t\t<\/div>\n\t\t<\/div>\n\t\t\t\t\t<\/div>\n\t\t<\/section>\n\t\t\t\t<section class=\"elementor-section elementor-top-section elementor-element elementor-element-2fe4170 elementor-section-content-middle elementor-section-boxed elementor-section-height-default elementor-section-height-default\" data-id=\"2fe4170\" data-element_type=\"section\">\n\t\t\t\t\t\t<div class=\"elementor-container elementor-column-gap-no\">\n\t\t\t\t\t<div class=\"elementor-column elementor-col-100 elementor-top-column elementor-element elementor-element-5dc09f9\" data-id=\"5dc09f9\" data-element_type=\"column\">\n\t\t\t<div class=\"elementor-widget-wrap elementor-element-populated\">\n\t\t\t\t\t\t<div class=\"elementor-element elementor-element-b7a6cf8 elementor-widget elementor-widget-heading\" data-id=\"b7a6cf8\" data-element_type=\"widget\" data-widget_type=\"heading.default\">\n\t\t\t\t<div class=\"elementor-widget-container\">\n\t\t\t<h4 class=\"elementor-heading-title elementor-size-default\">Y la colaboraci\u00f3n de<\/h4>\t\t<\/div>\n\t\t\t\t<\/div>\n\t\t\t\t<section class=\"elementor-section elementor-inner-section elementor-element elementor-element-ae02770 elementor-section-content-middle elementor-section-boxed elementor-section-height-default elementor-section-height-default\" data-id=\"ae02770\" data-element_type=\"section\">\n\t\t\t\t\t\t<div class=\"elementor-container elementor-column-gap-default\">\n\t\t\t\t\t<div class=\"elementor-column elementor-col-33 elementor-inner-column elementor-element elementor-element-e0368db\" data-id=\"e0368db\" data-element_type=\"column\">\n\t\t\t<div class=\"elementor-widget-wrap elementor-element-populated\">\n\t\t\t\t\t\t<div class=\"elementor-element elementor-element-9ca4b9a elementor-widget elementor-widget-image\" data-id=\"9ca4b9a\" data-element_type=\"widget\" data-widget_type=\"image.default\">\n\t\t\t\t<div class=\"elementor-widget-container\">\n\t\t\t\t\t\t\t\t\t\t\t\t\t<img loading=\"lazy\" decoding=\"async\" width=\"800\" height=\"566\" src=\"https:\/\/premisorbita.dance\/wp-content\/uploads\/2023\/01\/logo-occasio-films-1024x724.png\" class=\"attachment-large size-large wp-image-1365\" alt=\"\" srcset=\"https:\/\/premisorbita.dance\/wp-content\/uploads\/2023\/01\/logo-occasio-films-1024x724.png 1024w, https:\/\/premisorbita.dance\/wp-content\/uploads\/2023\/01\/logo-occasio-films-300x212.png 300w, https:\/\/premisorbita.dance\/wp-content\/uploads\/2023\/01\/logo-occasio-films-768x543.png 768w, https:\/\/premisorbita.dance\/wp-content\/uploads\/2023\/01\/logo-occasio-films-1536x1086.png 1536w, https:\/\/premisorbita.dance\/wp-content\/uploads\/2023\/01\/logo-occasio-films-2048x1448.png 2048w, https:\/\/premisorbita.dance\/wp-content\/uploads\/2023\/01\/logo-occasio-films-18x12.png 18w\" sizes=\"(max-width: 800px) 100vw, 800px\" \/>\t\t\t\t\t\t\t\t\t\t\t\t\t<\/div>\n\t\t\t\t<\/div>\n\t\t\t\t\t<\/div>\n\t\t<\/div>\n\t\t\t\t<div class=\"elementor-column elementor-col-33 elementor-inner-column elementor-element elementor-element-a64709b\" data-id=\"a64709b\" data-element_type=\"column\">\n\t\t\t<div class=\"elementor-widget-wrap elementor-element-populated\">\n\t\t\t\t\t\t<div class=\"elementor-element elementor-element-e22439b elementor-widget elementor-widget-image\" data-id=\"e22439b\" data-element_type=\"widget\" data-widget_type=\"image.default\">\n\t\t\t\t<div class=\"elementor-widget-container\">\n\t\t\t\t\t\t\t\t\t\t\t\t\t\t<a href=\"https:\/\/www.instagram.com\/nataliabenosiliofotografia\/\" target=\"_blank\">\n\t\t\t\t\t\t\t<img loading=\"lazy\" decoding=\"async\" width=\"800\" height=\"534\" src=\"https:\/\/premisorbita.dance\/wp-content\/uploads\/2023\/01\/logo-natalia-benosilio-fotografia-1024x683.jpg\" class=\"attachment-large size-large wp-image-1361\" alt=\"\" srcset=\"https:\/\/premisorbita.dance\/wp-content\/uploads\/2023\/01\/logo-natalia-benosilio-fotografia-1024x683.jpg 1024w, https:\/\/premisorbita.dance\/wp-content\/uploads\/2023\/01\/logo-natalia-benosilio-fotografia-300x200.jpg 300w, https:\/\/premisorbita.dance\/wp-content\/uploads\/2023\/01\/logo-natalia-benosilio-fotografia-768x512.jpg 768w, https:\/\/premisorbita.dance\/wp-content\/uploads\/2023\/01\/logo-natalia-benosilio-fotografia-1536x1024.jpg 1536w, https:\/\/premisorbita.dance\/wp-content\/uploads\/2023\/01\/logo-natalia-benosilio-fotografia-2048x1365.jpg 2048w, https:\/\/premisorbita.dance\/wp-content\/uploads\/2023\/01\/logo-natalia-benosilio-fotografia-18x12.jpg 18w\" sizes=\"(max-width: 800px) 100vw, 800px\" \/>\t\t\t\t\t\t\t\t<\/a>\n\t\t\t\t\t\t\t\t\t\t\t\t\t<\/div>\n\t\t\t\t<\/div>\n\t\t\t\t\t<\/div>\n\t\t<\/div>\n\t\t\t\t<div class=\"elementor-column elementor-col-33 elementor-inner-column elementor-element elementor-element-e0bf414\" data-id=\"e0bf414\" data-element_type=\"column\">\n\t\t\t<div class=\"elementor-widget-wrap elementor-element-populated\">\n\t\t\t\t\t\t<div class=\"elementor-element elementor-element-baae357 elementor-widget elementor-widget-image\" data-id=\"baae357\" data-element_type=\"widget\" data-widget_type=\"image.default\">\n\t\t\t\t<div class=\"elementor-widget-container\">\n\t\t\t\t\t\t\t\t\t\t\t\t\t\t<a href=\"https:\/\/batecsdedansa.cat\/\" target=\"_blank\">\n\t\t\t\t\t\t\t<img loading=\"lazy\" decoding=\"async\" width=\"800\" height=\"800\" src=\"https:\/\/premisorbita.dance\/wp-content\/uploads\/2023\/10\/Batecs-2-1024x1024.png\" class=\"attachment-large size-large wp-image-1660\" alt=\"\" srcset=\"https:\/\/premisorbita.dance\/wp-content\/uploads\/2023\/10\/Batecs-2-1024x1024.png 1024w, https:\/\/premisorbita.dance\/wp-content\/uploads\/2023\/10\/Batecs-2-300x300.png 300w, https:\/\/premisorbita.dance\/wp-content\/uploads\/2023\/10\/Batecs-2-150x150.png 150w, https:\/\/premisorbita.dance\/wp-content\/uploads\/2023\/10\/Batecs-2-768x768.png 768w, https:\/\/premisorbita.dance\/wp-content\/uploads\/2023\/10\/Batecs-2-1536x1536.png 1536w, https:\/\/premisorbita.dance\/wp-content\/uploads\/2023\/10\/Batecs-2-2048x2048.png 2048w, https:\/\/premisorbita.dance\/wp-content\/uploads\/2023\/10\/Batecs-2-12x12.png 12w\" sizes=\"(max-width: 800px) 100vw, 800px\" \/>\t\t\t\t\t\t\t\t<\/a>\n\t\t\t\t\t\t\t\t\t\t\t\t\t<\/div>\n\t\t\t\t<\/div>\n\t\t\t\t\t<\/div>\n\t\t<\/div>\n\t\t\t\t\t<\/div>\n\t\t<\/section>\n\t\t\t\t\t<\/div>\n\t\t<\/div>\n\t\t\t\t\t<\/div>\n\t\t<\/section>\n\t\t\t\t<\/div>","protected":false},"excerpt":{"rendered":"<p>La 1a Edici\u00f3 dels Premis \u00d2rbita de Dansa Contempor\u00e0nia no hagu\u00e9s estat possible sense: El patrocini de I la col\u00b7laboraci\u00f3 de<\/p>","protected":false},"author":1,"featured_media":0,"parent":0,"menu_order":0,"comment_status":"closed","ping_status":"closed","template":"","meta":{"footnotes":""},"class_list":["post-1318","page","type-page","status-publish","hentry"],"_links":{"self":[{"href":"https:\/\/premisorbita.dance\/es\/wp-json\/wp\/v2\/pages\/1318","targetHints":{"allow":["GET"]}}],"collection":[{"href":"https:\/\/premisorbita.dance\/es\/wp-json\/wp\/v2\/pages"}],"about":[{"href":"https:\/\/premisorbita.dance\/es\/wp-json\/wp\/v2\/types\/page"}],"author":[{"embeddable":true,"href":"https:\/\/premisorbita.dance\/es\/wp-json\/wp\/v2\/users\/1"}],"replies":[{"embeddable":true,"href":"https:\/\/premisorbita.dance\/es\/wp-json\/wp\/v2\/comments?post=1318"}],"version-history":[{"count":68,"href":"https:\/\/premisorbita.dance\/es\/wp-json\/wp\/v2\/pages\/1318\/revisions"}],"predecessor-version":[{"id":1717,"href":"https:\/\/premisorbita.dance\/es\/wp-json\/wp\/v2\/pages\/1318\/revisions\/1717"}],"wp:attachment":[{"href":"https:\/\/premisorbita.dance\/es\/wp-json\/wp\/v2\/media?parent=1318"}],"curies":[{"name":"wp","href":"https:\/\/api.w.org\/{rel}","templated":true}]}}