{"id":1955,"date":"2024-11-19T14:37:06","date_gmt":"2024-11-19T12:37:06","guid":{"rendered":"https:\/\/premisorbita.dance\/?page_id=1955"},"modified":"2025-06-26T09:26:31","modified_gmt":"2025-06-26T07:26:31","slug":"jurat-2024-copy","status":"publish","type":"page","link":"http:\/\/premisorbita.dance\/es\/jurat-2025\/","title":{"rendered":"Jurat 2025"},"content":{"rendered":"<div data-elementor-type=\"wp-page\" data-elementor-id=\"1955\" class=\"elementor elementor-1955\">\n\t\t\t\t\t\t<section class=\"elementor-section elementor-top-section elementor-element elementor-element-5d55965 elementor-section-height-min-height elementor-section-items-stretch elementor-section-content-middle elementor-section-boxed elementor-section-height-default\" data-id=\"5d55965\" data-element_type=\"section\" data-settings=\"{&quot;background_background&quot;:&quot;classic&quot;}\">\n\t\t\t\t\t\t<div class=\"elementor-container elementor-column-gap-no\">\n\t\t\t\t\t<div class=\"elementor-column elementor-col-100 elementor-top-column elementor-element elementor-element-e04bb60\" data-id=\"e04bb60\" data-element_type=\"column\">\n\t\t\t<div class=\"elementor-widget-wrap elementor-element-populated\">\n\t\t\t\t\t\t<div class=\"elementor-element elementor-element-b95d6a0 elementor-invisible elementor-widget elementor-widget-heading\" data-id=\"b95d6a0\" data-element_type=\"widget\" data-settings=\"{&quot;_animation&quot;:&quot;fadeIn&quot;}\" data-widget_type=\"heading.default\">\n\t\t\t\t<div class=\"elementor-widget-container\">\n\t\t\t<style>\/*! elementor - v3.20.0 - 10-04-2024 *\/\n.elementor-heading-title{padding:0;margin:0;line-height:1}.elementor-widget-heading .elementor-heading-title[class*=elementor-size-]>a{color:inherit;font-size:inherit;line-height:inherit}.elementor-widget-heading .elementor-heading-title.elementor-size-small{font-size:15px}.elementor-widget-heading .elementor-heading-title.elementor-size-medium{font-size:19px}.elementor-widget-heading .elementor-heading-title.elementor-size-large{font-size:29px}.elementor-widget-heading .elementor-heading-title.elementor-size-xl{font-size:39px}.elementor-widget-heading .elementor-heading-title.elementor-size-xxl{font-size:59px}<\/style><h2 class=\"elementor-heading-title elementor-size-default\">El jurado<\/h2>\t\t<\/div>\n\t\t\t\t<\/div>\n\t\t\t\t<div class=\"elementor-element elementor-element-4f67262 elementor-widget-divider--view-line elementor-invisible elementor-widget elementor-widget-divider\" data-id=\"4f67262\" data-element_type=\"widget\" data-settings=\"{&quot;_animation&quot;:&quot;fadeIn&quot;,&quot;_animation_delay&quot;:&quot;200&quot;}\" data-widget_type=\"divider.default\">\n\t\t\t\t<div class=\"elementor-widget-container\">\n\t\t\t<style>\/*! elementor - v3.20.0 - 10-04-2024 *\/\n.elementor-widget-divider{--divider-border-style:none;--divider-border-width:1px;--divider-color:#0c0d0e;--divider-icon-size:20px;--divider-element-spacing:10px;--divider-pattern-height:24px;--divider-pattern-size:20px;--divider-pattern-url:none;--divider-pattern-repeat:repeat-x}.elementor-widget-divider .elementor-divider{display:flex}.elementor-widget-divider .elementor-divider__text{font-size:15px;line-height:1;max-width:95%}.elementor-widget-divider .elementor-divider__element{margin:0 var(--divider-element-spacing);flex-shrink:0}.elementor-widget-divider .elementor-icon{font-size:var(--divider-icon-size)}.elementor-widget-divider .elementor-divider-separator{display:flex;margin:0;direction:ltr}.elementor-widget-divider--view-line_icon .elementor-divider-separator,.elementor-widget-divider--view-line_text .elementor-divider-separator{align-items:center}.elementor-widget-divider--view-line_icon .elementor-divider-separator:after,.elementor-widget-divider--view-line_icon .elementor-divider-separator:before,.elementor-widget-divider--view-line_text .elementor-divider-separator:after,.elementor-widget-divider--view-line_text .elementor-divider-separator:before{display:block;content:\"\";border-block-end:0;flex-grow:1;border-block-start:var(--divider-border-width) var(--divider-border-style) var(--divider-color)}.elementor-widget-divider--element-align-left .elementor-divider .elementor-divider-separator>.elementor-divider__svg:first-of-type{flex-grow:0;flex-shrink:100}.elementor-widget-divider--element-align-left .elementor-divider-separator:before{content:none}.elementor-widget-divider--element-align-left .elementor-divider__element{margin-left:0}.elementor-widget-divider--element-align-right .elementor-divider .elementor-divider-separator>.elementor-divider__svg:last-of-type{flex-grow:0;flex-shrink:100}.elementor-widget-divider--element-align-right .elementor-divider-separator:after{content:none}.elementor-widget-divider--element-align-right .elementor-divider__element{margin-right:0}.elementor-widget-divider--element-align-start .elementor-divider .elementor-divider-separator>.elementor-divider__svg:first-of-type{flex-grow:0;flex-shrink:100}.elementor-widget-divider--element-align-start .elementor-divider-separator:before{content:none}.elementor-widget-divider--element-align-start .elementor-divider__element{margin-inline-start:0}.elementor-widget-divider--element-align-end .elementor-divider .elementor-divider-separator>.elementor-divider__svg:last-of-type{flex-grow:0;flex-shrink:100}.elementor-widget-divider--element-align-end .elementor-divider-separator:after{content:none}.elementor-widget-divider--element-align-end .elementor-divider__element{margin-inline-end:0}.elementor-widget-divider:not(.elementor-widget-divider--view-line_text):not(.elementor-widget-divider--view-line_icon) .elementor-divider-separator{border-block-start:var(--divider-border-width) var(--divider-border-style) var(--divider-color)}.elementor-widget-divider--separator-type-pattern{--divider-border-style:none}.elementor-widget-divider--separator-type-pattern.elementor-widget-divider--view-line .elementor-divider-separator,.elementor-widget-divider--separator-type-pattern:not(.elementor-widget-divider--view-line) .elementor-divider-separator:after,.elementor-widget-divider--separator-type-pattern:not(.elementor-widget-divider--view-line) .elementor-divider-separator:before,.elementor-widget-divider--separator-type-pattern:not([class*=elementor-widget-divider--view]) .elementor-divider-separator{width:100%;min-height:var(--divider-pattern-height);-webkit-mask-size:var(--divider-pattern-size) 100%;mask-size:var(--divider-pattern-size) 100%;-webkit-mask-repeat:var(--divider-pattern-repeat);mask-repeat:var(--divider-pattern-repeat);background-color:var(--divider-color);-webkit-mask-image:var(--divider-pattern-url);mask-image:var(--divider-pattern-url)}.elementor-widget-divider--no-spacing{--divider-pattern-size:auto}.elementor-widget-divider--bg-round{--divider-pattern-repeat:round}.rtl .elementor-widget-divider .elementor-divider__text{direction:rtl}.e-con-inner>.elementor-widget-divider,.e-con>.elementor-widget-divider{width:var(--container-widget-width,100%);--flex-grow:var(--container-widget-flex-grow)}<\/style>\t\t<div class=\"elementor-divider\">\n\t\t\t<span class=\"elementor-divider-separator\">\n\t\t\t\t\t\t<\/span>\n\t\t<\/div>\n\t\t\t\t<\/div>\n\t\t\t\t<\/div>\n\t\t\t\t<div class=\"elementor-element elementor-element-38915be elementor-widget elementor-widget-text-editor\" data-id=\"38915be\" data-element_type=\"widget\" data-widget_type=\"text-editor.default\">\n\t\t\t\t<div class=\"elementor-widget-container\">\n\t\t\t<style>\/*! elementor - v3.20.0 - 10-04-2024 *\/\n.elementor-widget-text-editor.elementor-drop-cap-view-stacked .elementor-drop-cap{background-color:#69727d;color:#fff}.elementor-widget-text-editor.elementor-drop-cap-view-framed .elementor-drop-cap{color:#69727d;border:3px solid;background-color:transparent}.elementor-widget-text-editor:not(.elementor-drop-cap-view-default) .elementor-drop-cap{margin-top:8px}.elementor-widget-text-editor:not(.elementor-drop-cap-view-default) .elementor-drop-cap-letter{width:1em;height:1em}.elementor-widget-text-editor .elementor-drop-cap{float:left;text-align:center;line-height:1;font-size:50px}.elementor-widget-text-editor .elementor-drop-cap-letter{display:inline-block}<\/style>\t\t\t\t<p>La 3a Edici\u00f3 dels Premis \u00d2rbita de Dansa Contemporani compten amb Nat\u00e0lia Vi\u00f1as, Roberto Olivan i Diego Sinniger com a jurat del concurs<\/p>\t\t\t\t\t\t<\/div>\n\t\t\t\t<\/div>\n\t\t\t\t\t<\/div>\n\t\t<\/div>\n\t\t\t\t\t<\/div>\n\t\t<\/section>\n\t\t\t\t<section class=\"elementor-section elementor-top-section elementor-element elementor-element-0646425 elementor-section-content-middle elementor-section-boxed elementor-section-height-default elementor-section-height-default\" data-id=\"0646425\" data-element_type=\"section\">\n\t\t\t\t\t\t<div class=\"elementor-container elementor-column-gap-no\">\n\t\t\t\t\t<div class=\"elementor-column elementor-col-50 elementor-top-column elementor-element elementor-element-cb7af38\" data-id=\"cb7af38\" data-element_type=\"column\">\n\t\t\t<div class=\"elementor-widget-wrap elementor-element-populated\">\n\t\t\t\t\t\t<div class=\"elementor-element elementor-element-1d485ba elementor-widget elementor-widget-image\" data-id=\"1d485ba\" data-element_type=\"widget\" data-widget_type=\"image.default\">\n\t\t\t\t<div class=\"elementor-widget-container\">\n\t\t\t<style>\/*! elementor - v3.20.0 - 10-04-2024 *\/\n.elementor-widget-image{text-align:center}.elementor-widget-image a{display:inline-block}.elementor-widget-image a img[src$=\".svg\"]{width:48px}.elementor-widget-image img{vertical-align:middle;display:inline-block}<\/style>\t\t\t\t\t\t\t\t\t\t<img fetchpriority=\"high\" decoding=\"async\" width=\"800\" height=\"600\" src=\"https:\/\/premisorbita.dance\/wp-content\/uploads\/2022\/10\/foto-natalia-vin\u0303as.jpg\" class=\"attachment-full size-full wp-image-1072\" alt=\"\" srcset=\"https:\/\/premisorbita.dance\/wp-content\/uploads\/2022\/10\/foto-natalia-vin\u0303as.jpg 800w, https:\/\/premisorbita.dance\/wp-content\/uploads\/2022\/10\/foto-natalia-vin\u0303as-300x225.jpg 300w, https:\/\/premisorbita.dance\/wp-content\/uploads\/2022\/10\/foto-natalia-vin\u0303as-768x576.jpg 768w, https:\/\/premisorbita.dance\/wp-content\/uploads\/2022\/10\/foto-natalia-vin\u0303as-16x12.jpg 16w\" sizes=\"(max-width: 800px) 100vw, 800px\" \/>\t\t\t\t\t\t\t\t\t\t\t\t\t<\/div>\n\t\t\t\t<\/div>\n\t\t\t\t\t<\/div>\n\t\t<\/div>\n\t\t\t\t<div class=\"elementor-column elementor-col-50 elementor-top-column elementor-element elementor-element-7330134\" data-id=\"7330134\" data-element_type=\"column\">\n\t\t\t<div class=\"elementor-widget-wrap elementor-element-populated\">\n\t\t\t\t\t\t<div class=\"elementor-element elementor-element-afe1538 elementor-widget elementor-widget-heading\" data-id=\"afe1538\" data-element_type=\"widget\" data-widget_type=\"heading.default\">\n\t\t\t\t<div class=\"elementor-widget-container\">\n\t\t\t<h2 class=\"elementor-heading-title elementor-size-default\">Nat\u00e0lia Vi\u00f1as Roig<\/h2>\t\t<\/div>\n\t\t\t\t<\/div>\n\t\t\t\t<div class=\"elementor-element elementor-element-f2109a5 elementor-widget elementor-widget-text-editor\" data-id=\"f2109a5\" data-element_type=\"widget\" data-widget_type=\"text-editor.default\">\n\t\t\t\t<div class=\"elementor-widget-container\">\n\t\t\t\t\t\t\t<p>Professora de Dansa Contempor\u00e0nia del CPD de l\u2019Institut del Teatre de Barcelona.<\/p><p>Directora de El Magatzem escola de dansa<\/p><p>Any d\u2019inici a la doc\u00e8ncia a l\u2019Institut de Teatre: 2003<\/p><p><strong>Formaci\u00f3 acad\u00e8mica:<\/strong><\/p><ul><li>T\u00edtol de Grau Mitj\u00e0 en Dansa Cl\u00e0ssica 1984<\/li><li>T\u00edtol de Grau Mitj\u00e0 en Dansa Contempor\u00e0nia 1994<\/li><li>T\u00edtol de Grau Superior en Pedagogia de la Dansa 2015<\/li><li>Trainer de Gyrotonic<\/li><li>Trainer de Gyrokinesis<\/li><li>Estudia a New York a Peridance Center 1988-1990 t\u00e8cniques de dansa moderna : Graham amb Miguel valdez-Moor, Limon amb Risa Steinberg i Horton amb Milton Meyers<\/li><\/ul>\t\t\t\t\t\t<\/div>\n\t\t\t\t<\/div>\n\t\t\t\t\t<\/div>\n\t\t<\/div>\n\t\t\t\t\t<\/div>\n\t\t<\/section>\n\t\t\t\t<section class=\"elementor-section elementor-top-section elementor-element elementor-element-5d964dc elementor-section-boxed elementor-section-height-default elementor-section-height-default\" data-id=\"5d964dc\" data-element_type=\"section\">\n\t\t\t\t\t\t<div class=\"elementor-container elementor-column-gap-default\">\n\t\t\t\t\t<div class=\"elementor-column elementor-col-100 elementor-top-column elementor-element elementor-element-16de20b\" data-id=\"16de20b\" data-element_type=\"column\">\n\t\t\t<div class=\"elementor-widget-wrap elementor-element-populated\">\n\t\t\t\t\t\t<div class=\"elementor-element elementor-element-107bf4f elementor-widget elementor-widget-text-editor\" data-id=\"107bf4f\" data-element_type=\"widget\" data-widget_type=\"text-editor.default\">\n\t\t\t\t<div class=\"elementor-widget-container\">\n\t\t\t\t\t\t\t<p><strong>Experi\u00e8ncia professional:<\/strong><\/p><p>Ballarina de DART amb Guillermina Coll, TRANSIT amb Maria Rovira i METROS amb Ram\u00f3n Oller.<\/p><p>Core\u00f2grafa:<\/p><ul><li>Centro Nacional de Teatro de Espa\u00f1a amb \u201cEntre bobos anda el juego\u201d sota la direcci\u00f3 de Gerardo Malla<\/li><li>Gran Teatro de la Zarzuela de Madrid, \u201cEl Hijo fingido i Los Gavilanes\u201d, sota la direcci\u00f3 de Gerardo Malla.<\/li><li>Dagoll Dagom, La Bella Helena, T\u2019odio amor meu, Poe, Aloma i Premios Max per a TV Espa\u00f1ola de 2002.<\/li><li>Acc\u00e9s Teatre, \u201cCabaret Inm\u00f2bil\u201d sota la direcci\u00f3 de Frederic Roda.<\/li><\/ul><p>Espectacles dirigits i coreografiats:<\/p><ul><li>\u201cPell de taronja\u201d 2007<\/li><li>\u201cL\u2019Amor i altres formes d\u2019odi\u201d 2008<\/li><li>\u201cFinestra endins\u201d 2011<\/li><li>\u201cGroshen\u201d 2015<\/li><li>\u201cArrelacions\u201d 2016<\/li><li>\u201cAd Hoc\u201d 2017<\/li><li>\u201cHumors\u201d 2018<\/li><li>\u201cArj\u00e9\u201d 2019<\/li><li>\u201cQuantum\u201d 2021<\/li><li>\u201cSomnis Nom\u00e9s\u201d 2022<\/li><\/ul><p><strong>Premis i Reconeixements:<\/strong><\/p><ul><li>Premis 9 de Teatre<\/li><li>1r premi al millor espectacle: Groshen 2015<\/li><li>2n premi al millor espectacle: Ad Hoc 2017<\/li><li>1r premi al millor espectacle: Arj\u00e9 2019<\/li><li>1r premi al millor espectacle: Somnis Nom\u00e9s 2022<\/li><\/ul>\t\t\t\t\t\t<\/div>\n\t\t\t\t<\/div>\n\t\t\t\t\t<\/div>\n\t\t<\/div>\n\t\t\t\t\t<\/div>\n\t\t<\/section>\n\t\t\t\t<section class=\"elementor-section elementor-top-section elementor-element elementor-element-918f428 elementor-section-content-middle elementor-section-boxed elementor-section-height-default elementor-section-height-default\" data-id=\"918f428\" data-element_type=\"section\">\n\t\t\t\t\t\t<div class=\"elementor-container elementor-column-gap-no\">\n\t\t\t\t\t<div class=\"elementor-column elementor-col-50 elementor-top-column elementor-element elementor-element-5b55098\" data-id=\"5b55098\" data-element_type=\"column\">\n\t\t\t<div class=\"elementor-widget-wrap elementor-element-populated\">\n\t\t\t\t\t\t<div class=\"elementor-element elementor-element-99d2a2a elementor-widget elementor-widget-image\" data-id=\"99d2a2a\" data-element_type=\"widget\" data-widget_type=\"image.default\">\n\t\t\t\t<div class=\"elementor-widget-container\">\n\t\t\t\t\t\t\t\t\t\t\t\t\t<img decoding=\"async\" width=\"1300\" height=\"800\" src=\"https:\/\/premisorbita.dance\/wp-content\/uploads\/2023\/12\/Rob-foto-portrait-JESUS-ROBISCO.jpg\" class=\"attachment-full size-full wp-image-1747\" alt=\"\" srcset=\"https:\/\/premisorbita.dance\/wp-content\/uploads\/2023\/12\/Rob-foto-portrait-JESUS-ROBISCO.jpg 1300w, https:\/\/premisorbita.dance\/wp-content\/uploads\/2023\/12\/Rob-foto-portrait-JESUS-ROBISCO-300x185.jpg 300w, https:\/\/premisorbita.dance\/wp-content\/uploads\/2023\/12\/Rob-foto-portrait-JESUS-ROBISCO-1024x630.jpg 1024w, https:\/\/premisorbita.dance\/wp-content\/uploads\/2023\/12\/Rob-foto-portrait-JESUS-ROBISCO-768x473.jpg 768w, https:\/\/premisorbita.dance\/wp-content\/uploads\/2023\/12\/Rob-foto-portrait-JESUS-ROBISCO-18x12.jpg 18w\" sizes=\"(max-width: 1300px) 100vw, 1300px\" \/>\t\t\t\t\t\t\t\t\t\t\t\t\t<\/div>\n\t\t\t\t<\/div>\n\t\t\t\t\t<\/div>\n\t\t<\/div>\n\t\t\t\t<div class=\"elementor-column elementor-col-50 elementor-top-column elementor-element elementor-element-ae098cd\" data-id=\"ae098cd\" data-element_type=\"column\">\n\t\t\t<div class=\"elementor-widget-wrap elementor-element-populated\">\n\t\t\t\t\t\t<div class=\"elementor-element elementor-element-256be02 elementor-widget elementor-widget-heading\" data-id=\"256be02\" data-element_type=\"widget\" data-widget_type=\"heading.default\">\n\t\t\t\t<div class=\"elementor-widget-container\">\n\t\t\t<h2 class=\"elementor-heading-title elementor-size-default\">Roberto Olivan<\/h2>\t\t<\/div>\n\t\t\t\t<\/div>\n\t\t\t\t<div class=\"elementor-element elementor-element-2f66d74 elementor-widget elementor-widget-text-editor\" data-id=\"2f66d74\" data-element_type=\"widget\" data-widget_type=\"text-editor.default\">\n\t\t\t\t<div class=\"elementor-widget-container\">\n\t\t\t\t\t\t\t<p><blockquote class=\"wp-embedded-content\" data-secret=\"6BePdtwXOD\"><a href=\"https:\/\/www.robertoolivan.com\/ca\/equipo\/roberto-olivan-2\/\">Roberto Olivan<\/a><\/blockquote><iframe class=\"wp-embedded-content\" sandbox=\"allow-scripts\" security=\"restricted\" style=\"position: absolute; clip: rect(1px, 1px, 1px, 1px);\" title=\"\u00abRoberto Olivan\u00bb \u2014 ROPA\" src=\"https:\/\/www.robertoolivan.com\/ca\/equipo\/roberto-olivan-2\/embed\/#?secret=G4ZG1WbPhW#?secret=6BePdtwXOD\" data-secret=\"6BePdtwXOD\" width=\"600\" height=\"338\" frameborder=\"0\" marginwidth=\"0\" marginheight=\"0\" scrolling=\"no\"><\/iframe><\/p><blockquote><p>Creador internacional amb una intensa carrera reconeguda mundialment. \u00c9s el director de ROPA \/ Roberto Olivan Performing Arts. La seu de ROPA \/ Roberto Olivan Performing Arts est\u00e0 situada a\u00a0<a href=\"https:\/\/www.espailobrador.com\/ca\/\" target=\"_blank\" rel=\"noopener\">l\u2019Obrador Espai de Creaci\u00f3<\/a>, un centre per a la creaci\u00f3 art\u00edstica contempor\u00e0nia especialitzada en les arts del moviment, que tamb\u00e9 ofereix resid\u00e8ncies art\u00edstiques, formaci\u00f3 tant a professionals com amateurs i programaci\u00f3 oberta al p\u00fablic.<br \/><br \/>Consolidat com a core\u00f2graf i ballar\u00ed, tamb\u00e9 crea enc\u00e0rrecs per a companyies de dansa, universitats, escoles, conservatoris i centres d\u2019estudi del moviment, aix\u00ed com per al sector cinematogr\u00e0fic. Com a docent, Roberto imparteix classes i tallers per tot el m\u00f3n.<br \/><br \/>La seva carrera ha estat reconeguda internacionalment. Ha rebut els seg\u00fcents premis: menci\u00f3 especial als\u00a0<a href=\"https:\/\/recomana.cat\/\" target=\"_blank\" rel=\"noopener\"><i>Premis de la Cr\u00edtica<\/i><\/a><i>\u00a02019<\/i>\u00a0pels 15 anys del festival Deltebre Dansa (Catalunya),\u00a0<a href=\"https:\/\/www.effiebelgium.be\/nl\/default.asp\" target=\"_blank\" rel=\"noopener\"><i>Europe for Festivals, Festivals for Europe (EFFE) 2019<\/i><\/a>\u00a0pel festival Deltebre Dansa (B\u00e8lgica),\u00a0<i>Premi Cultura Deltebre<\/i>\u00a02012 i 2017 pel festival Deltebre Dansa (Catalunya),\u00a0<a href=\"http:\/\/conca.gencat.cat\/ca\/ambits-dactuacio\/premis-nacionals-de-cultura\/\" target=\"_blank\" rel=\"noopener\"><i>Premi Nacional de Cultura 2014<\/i><\/a>\u00a0(Catalunya),\u00a0<a href=\"https:\/\/ajuntament.barcelona.cat\/premisciutatbcn\/\" target=\"_blank\" rel=\"noopener\"><i>Premi Ciutat de Barcelona 2013<\/i><\/a>\u00a0(Catalunya),\u00a0<a href=\"http:\/\/premisfadsebastiagasch.org\/\" target=\"_blank\" rel=\"noopener\"><i>Premi FAD Sebasti\u00e0 Gasch d\u2019Arts Parateatrals<\/i><\/a>\u00a02012 (Catalunya) i\u00a0<i>Prix SACD de la Cr\u00e9ation Chor\u00e9graphique 2001 de la Soci\u00e9t\u00e9 des Auteurs et Compositeurs Dramatiques<\/i>\u00a0(B\u00e9lgica), a m\u00e9s de diverses nominacions.<\/p><\/blockquote>\t\t\t\t\t\t<\/div>\n\t\t\t\t<\/div>\n\t\t\t\t\t<\/div>\n\t\t<\/div>\n\t\t\t\t\t<\/div>\n\t\t<\/section>\n\t\t\t\t<section class=\"elementor-section elementor-top-section elementor-element elementor-element-26db9065 elementor-section-content-middle elementor-section-boxed elementor-section-height-default elementor-section-height-default\" data-id=\"26db9065\" data-element_type=\"section\">\n\t\t\t\t\t\t<div class=\"elementor-container elementor-column-gap-no\">\n\t\t\t\t\t<div class=\"elementor-column elementor-col-50 elementor-top-column elementor-element elementor-element-2f81e71f\" data-id=\"2f81e71f\" data-element_type=\"column\">\n\t\t\t<div class=\"elementor-widget-wrap elementor-element-populated\">\n\t\t\t\t\t\t<div class=\"elementor-element elementor-element-69bfe5b1 elementor-widget elementor-widget-image\" data-id=\"69bfe5b1\" data-element_type=\"widget\" data-widget_type=\"image.default\">\n\t\t\t\t<div class=\"elementor-widget-container\">\n\t\t\t\t\t\t\t\t\t\t\t\t\t<img decoding=\"async\" width=\"1365\" height=\"2048\" src=\"https:\/\/premisorbita.dance\/wp-content\/uploads\/2025\/06\/WhatsApp-Image-2025-02-10-at-17.51.19.jpeg\" class=\"attachment-full size-full wp-image-2089\" alt=\"\" srcset=\"https:\/\/premisorbita.dance\/wp-content\/uploads\/2025\/06\/WhatsApp-Image-2025-02-10-at-17.51.19.jpeg 1365w, https:\/\/premisorbita.dance\/wp-content\/uploads\/2025\/06\/WhatsApp-Image-2025-02-10-at-17.51.19-200x300.jpeg 200w, https:\/\/premisorbita.dance\/wp-content\/uploads\/2025\/06\/WhatsApp-Image-2025-02-10-at-17.51.19-683x1024.jpeg 683w, https:\/\/premisorbita.dance\/wp-content\/uploads\/2025\/06\/WhatsApp-Image-2025-02-10-at-17.51.19-768x1152.jpeg 768w, https:\/\/premisorbita.dance\/wp-content\/uploads\/2025\/06\/WhatsApp-Image-2025-02-10-at-17.51.19-1024x1536.jpeg 1024w, https:\/\/premisorbita.dance\/wp-content\/uploads\/2025\/06\/WhatsApp-Image-2025-02-10-at-17.51.19-8x12.jpeg 8w\" sizes=\"(max-width: 1365px) 100vw, 1365px\" \/>\t\t\t\t\t\t\t\t\t\t\t\t\t<\/div>\n\t\t\t\t<\/div>\n\t\t\t\t\t<\/div>\n\t\t<\/div>\n\t\t\t\t<div class=\"elementor-column elementor-col-50 elementor-top-column elementor-element elementor-element-63059548\" data-id=\"63059548\" data-element_type=\"column\">\n\t\t\t<div class=\"elementor-widget-wrap elementor-element-populated\">\n\t\t\t\t\t\t<div class=\"elementor-element elementor-element-7c210fa elementor-widget elementor-widget-heading\" data-id=\"7c210fa\" data-element_type=\"widget\" data-widget_type=\"heading.default\">\n\t\t\t\t<div class=\"elementor-widget-container\">\n\t\t\t<h2 class=\"elementor-heading-title elementor-size-default\">justine marouze<\/h2>\t\t<\/div>\n\t\t\t\t<\/div>\n\t\t\t\t<div class=\"elementor-element elementor-element-5a8300ff elementor-widget elementor-widget-text-editor\" data-id=\"5a8300ff\" data-element_type=\"widget\" data-widget_type=\"text-editor.default\">\n\t\t\t\t<div class=\"elementor-widget-container\">\n\t\t\t\t\t\t\t<p>Justine Marouz\u00e9, madre, bailarina y docente especializada en pedagog\u00eda<br \/>de la danza en la infancia; despu\u00e9s de m\u00e1s de 10 a\u00f1os trabajando en la<br \/>escuela Varium, co-dirige desde septiembre 2024, el centro de Dansa i<br \/>Creaci\u00f3 Area, en Barcelona.<br \/>Creadora de la joven compa\u00f1\u00eda infantil MANAMA danza, proyecto de<br \/>co-creaci\u00f3n para j\u00f3venes entre 10 y 14 a\u00f1os, que propone un espacio<br \/>seguro, donde se potencia la confianza y la creatividad a trav\u00e9s de la<br \/>danza. Un lugar para crecer bailando!<br \/>Creadora del juego de cartas ImproK, que se ha vendido en m\u00e1s de 1500<br \/>ejemplares, sigue trabajando en la creaci\u00f3n de otras herramientas,<br \/>nutriendo un gran inter\u00e9s para innovar en el campo de la educaci\u00f3n a<br \/>trav\u00e9s de las artes.<br \/>Hoy en d\u00eda sigue trabajando activamente en crear y nutrir espacios donde<br \/>poner la Danza al servicio de la Vida<\/p><p>\u00a0<\/p>\t\t\t\t\t\t<\/div>\n\t\t\t\t<\/div>\n\t\t\t\t\t<\/div>\n\t\t<\/div>\n\t\t\t\t\t<\/div>\n\t\t<\/section>\n\t\t\t\t<\/div>","protected":false},"excerpt":{"rendered":"<p>El jurat La 3a Edici\u00f3 dels Premis \u00d2rbita de Dansa Contemporani compten amb Nat\u00e0lia Vi\u00f1as, Roberto Olivan i Diego Sinniger com a jurat del concurs Nat\u00e0lia Vi\u00f1as Roig Professora de [&hellip;]<\/p>","protected":false},"author":2,"featured_media":0,"parent":0,"menu_order":0,"comment_status":"closed","ping_status":"closed","template":"","meta":{"footnotes":""},"class_list":["post-1955","page","type-page","status-publish","hentry"],"_links":{"self":[{"href":"https:\/\/premisorbita.dance\/es\/wp-json\/wp\/v2\/pages\/1955","targetHints":{"allow":["GET"]}}],"collection":[{"href":"https:\/\/premisorbita.dance\/es\/wp-json\/wp\/v2\/pages"}],"about":[{"href":"https:\/\/premisorbita.dance\/es\/wp-json\/wp\/v2\/types\/page"}],"author":[{"embeddable":true,"href":"https:\/\/premisorbita.dance\/es\/wp-json\/wp\/v2\/users\/2"}],"replies":[{"embeddable":true,"href":"https:\/\/premisorbita.dance\/es\/wp-json\/wp\/v2\/comments?post=1955"}],"version-history":[{"count":10,"href":"https:\/\/premisorbita.dance\/es\/wp-json\/wp\/v2\/pages\/1955\/revisions"}],"predecessor-version":[{"id":2092,"href":"https:\/\/premisorbita.dance\/es\/wp-json\/wp\/v2\/pages\/1955\/revisions\/2092"}],"wp:attachment":[{"href":"https:\/\/premisorbita.dance\/es\/wp-json\/wp\/v2\/media?parent=1955"}],"curies":[{"name":"wp","href":"https:\/\/api.w.org\/{rel}","templated":true}]}}